{"id":106,"date":"2021-02-12T20:11:52","date_gmt":"2021-02-12T19:11:52","guid":{"rendered":"http:\/\/pszczelarze-belchatow.pl\/?page_id=106"},"modified":"2026-04-14T20:46:16","modified_gmt":"2026-04-14T18:46:16","slug":"plik-do-pobrania","status":"publish","type":"page","link":"https:\/\/pszczelarze-belchatow.pl\/?page_id=106","title":{"rendered":"Plik do pobrania"},"content":{"rendered":"\n<div class=\"wp-block-file\"><a id=\"wp-block-file--media-b6b0c932-6436-4931-add0-3dcc30675722\" href=\"https:\/\/pszczelarze-belchatow.pl\/wp-content\/uploads\/2023\/01\/deklaracja-przyst_pienia.docx\" target=\"_blank\" rel=\"noreferrer noopener\">Deklaracja przyst\u0105pienia do Ko\u0142a Pszczelarzy<\/a><a href=\"https:\/\/pszczelarze-belchatow.pl\/wp-content\/uploads\/2023\/01\/deklaracja-przyst_pienia.docx\" class=\"wp-block-file__button wp-element-button\" download aria-describedby=\"wp-block-file--media-b6b0c932-6436-4931-add0-3dcc30675722\">Pobierz<\/a><\/div>\n\n\n\n<div class=\"wp-block-file\"><a id=\"wp-block-file--media-8605bb38-a8cb-485c-867b-5fc07c68806f\" href=\"https:\/\/pszczelarze-belchatow.pl\/wp-content\/uploads\/2026\/04\/Oswiadczenie-o-ilosci-rodzin-pszczelich-wzor-2026-1.doc\">O\u015bwiadczenie o ilo\u015bci rodzin pszczelich wz\u00f3r 2026-1<\/a><a href=\"https:\/\/pszczelarze-belchatow.pl\/wp-content\/uploads\/2026\/04\/Oswiadczenie-o-ilosci-rodzin-pszczelich-wzor-2026-1.doc\" class=\"wp-block-file__button wp-element-button\" download aria-describedby=\"wp-block-file--media-8605bb38-a8cb-485c-867b-5fc07c68806f\">Pobierz<\/a><\/div>\n\n\n\n<div class=\"wp-block-file\"><a id=\"wp-block-file--media-5025e030-8fe9-4793-b9eb-eb7da28e1b2a\" href=\"https:\/\/pszczelarze-belchatow.pl\/wp-content\/uploads\/2026\/04\/wniosek-o-zaC_wiadczenie-do-ARiMR.doc\">wniosek o za\u015bwiadczenie do ARiMR<\/a><a href=\"https:\/\/pszczelarze-belchatow.pl\/wp-content\/uploads\/2026\/04\/wniosek-o-zaC_wiadczenie-do-ARiMR.doc\" class=\"wp-block-file__button wp-element-button\" download aria-describedby=\"wp-block-file--media-5025e030-8fe9-4793-b9eb-eb7da28e1b2a\">Pobierz<\/a><\/div>\n\n\n\n<div class=\"wp-block-file\"><a id=\"wp-block-file--media-23284e68-63f0-4bb7-8b6a-2e25678d3645\" href=\"https:\/\/pszczelarze-belchatow.pl\/wp-content\/uploads\/2026\/04\/wniosek-o-nadanie-WNI-pasieki.doc\">wniosek o nadanie WNI pasieki<\/a><a href=\"https:\/\/pszczelarze-belchatow.pl\/wp-content\/uploads\/2026\/04\/wniosek-o-nadanie-WNI-pasieki.doc\" class=\"wp-block-file__button wp-element-button\" download aria-describedby=\"wp-block-file--media-23284e68-63f0-4bb7-8b6a-2e25678d3645\">Pobierz<\/a><\/div>\n\n\n\n<div class=\"wp-block-file\"><a id=\"wp-block-file--media-16a84854-7806-4354-9217-a8d9bf477104\" href=\"https:\/\/pszczelarze-belchatow.pl\/wp-content\/uploads\/2023\/09\/Oswiadczenie-stan-rodzin-na-30.09.2023_1.docx\">O\u015bwiadczenie stan rodzin na 30.09.2023<\/a><a href=\"https:\/\/pszczelarze-belchatow.pl\/wp-content\/uploads\/2023\/09\/Oswiadczenie-stan-rodzin-na-30.09.2023_1.docx\" class=\"wp-block-file__button wp-element-button\" download aria-describedby=\"wp-block-file--media-16a84854-7806-4354-9217-a8d9bf477104\">Pobierz<\/a><\/div>\n\n\n\n<div data-wp-interactive=\"core\/file\" class=\"wp-block-file\"><object data-wp-bind--hidden=\"!state.hasPdfPreview\" hidden class=\"wp-block-file__embed\" data=\"https:\/\/pszczelarze-belchatow.pl\/wp-content\/uploads\/2024\/02\/Oswiadczenie-leki-na-2024.pdf\" type=\"application\/pdf\" style=\"width:100%;height:600px\" aria-label=\"Osadzone z O\u015bwiadczenie leki na 2024.PDF.\"><\/object><a id=\"wp-block-file--media-56eee204-b3f0-4cd2-8098-677d2a608679\" href=\"https:\/\/pszczelarze-belchatow.pl\/wp-content\/uploads\/2024\/02\/Oswiadczenie-leki-na-2024.pdf\">O\u015bwiadczenie leki na 2024.PDF<\/a><a href=\"https:\/\/pszczelarze-belchatow.pl\/wp-content\/uploads\/2024\/02\/Oswiadczenie-leki-na-2024.pdf\" class=\"wp-block-file__button wp-element-button\" download aria-describedby=\"wp-block-file--media-56eee204-b3f0-4cd2-8098-677d2a608679\">Pobierz<\/a><\/div>\n\n\n\n<div class=\"wp-block-file\"><a id=\"wp-block-file--media-bd869f98-246a-47c5-bae8-50ff31e0800b\" href=\"https:\/\/pszczelarze-belchatow.pl\/wp-content\/uploads\/2024\/02\/Oswiadczenie-leki-na-2024.docx\">O\u015bwiadczenie leki na 2024.DOCX<\/a><a href=\"https:\/\/pszczelarze-belchatow.pl\/wp-content\/uploads\/2024\/02\/Oswiadczenie-leki-na-2024.docx\" class=\"wp-block-file__button wp-element-button\" download aria-describedby=\"wp-block-file--media-bd869f98-246a-47c5-bae8-50ff31e0800b\">Pobierz<\/a><\/div>\n\n\n\n<p><\/p>\n","protected":false},"excerpt":{"rendered":"","protected":false},"author":1,"featured_media":0,"parent":0,"menu_order":0,"comment_status":"closed","ping_status":"closed","template":"","meta":{"footnotes":""},"class_list":["post-106","page","type-page","status-publish","hentry","entry"],"_links":{"self":[{"href":"https:\/\/pszczelarze-belchatow.pl\/index.php?rest_route=\/wp\/v2\/pages\/106","targetHints":{"allow":["GET"]}}],"collection":[{"href":"https:\/\/pszczelarze-belchatow.pl\/index.php?rest_route=\/wp\/v2\/pages"}],"about":[{"href":"https:\/\/pszczelarze-belchatow.pl\/index.php?rest_route=\/wp\/v2\/types\/page"}],"author":[{"embeddable":true,"href":"https:\/\/pszczelarze-belchatow.pl\/index.php?rest_route=\/wp\/v2\/users\/1"}],"replies":[{"embeddable":true,"href":"https:\/\/pszczelarze-belchatow.pl\/index.php?rest_route=%2Fwp%2Fv2%2Fcomments&post=106"}],"version-history":[{"count":9,"href":"https:\/\/pszczelarze-belchatow.pl\/index.php?rest_route=\/wp\/v2\/pages\/106\/revisions"}],"predecessor-version":[{"id":731,"href":"https:\/\/pszczelarze-belchatow.pl\/index.php?rest_route=\/wp\/v2\/pages\/106\/revisions\/731"}],"wp:attachment":[{"href":"https:\/\/pszczelarze-belchatow.pl\/index.php?rest_route=%2Fwp%2Fv2%2Fmedia&parent=106"}],"curies":[{"name":"wp","href":"https:\/\/api.w.org\/{rel}","templated":true}]}}