{"id":31,"date":"2021-01-31T17:49:06","date_gmt":"2021-01-31T16:49:06","guid":{"rendered":"http:\/\/pszczelarze-belchatow.pl\/?page_id=31"},"modified":"2023-02-08T07:22:44","modified_gmt":"2023-02-08T06:22:44","slug":"historia","status":"publish","type":"page","link":"https:\/\/pszczelarze-belchatow.pl\/?page_id=31","title":{"rendered":"Historia"},"content":{"rendered":"\n<p>Be\u0142chatowskie Ko\u0142o Pszczelarzy powsta\u0142o w 1956 r. po utworzeniu powiatu be\u0142chatowskiego. <\/p>\n\n\n\n<p>Pierwszym prezesem by\u0142 <em><strong>Roman Mielczarek<\/strong><\/em>, kt\u00f3ry prowadzi\u0142 ko\u0142o do 1975 r.<br>Kolejny prezes to <em><strong>Leopold Rawicki<\/strong><\/em>, rocznik 1927, z zawodu pracownik umys\u0142owy, z zami\u0142owania pszczelarz. Za prac\u0119 zawodow\u0105 odznaczony zosta\u0142 <em>Z\u0142otym Krzy\u017cem Zas\u0142ugi<\/em> oraz <em>Krzy\u017cem Kawalerskim<\/em>. Za dzia\u0142alno\u015b\u0107 pszczelarsk\u0105 odznaczony Br\u0105zow\u0105, Srebrn\u0105 i Z\u0142ot\u0105 Odznak\u0105 PZP i <em>dyplomem uznania<\/em>. <\/p>\n\n\n\n<p>Od 2000 do 2018 roku funkcj\u0119 prezesa pe\u0142ni\u0142 <em><strong>Jan Polak<\/strong><\/em>, rocznik 1937, z zawodu le\u015bnik, pszczo\u0142ami zajmowa\u0142 si\u0119 od dziecka, bo ojciec r\u00f3wnie\u017c prowadzi\u0142 pasiek\u0119, a od 1964 roku prowadzi ju\u017c w\u0142asn\u0105 ma\u0142\u0105 pasiek\u0119, kt\u00f3r\u0105 otrzyma\u0142 od ojca. Od 1980 roku prowadzi 30 \u2013pniow\u0105 pasiek\u0119, nale\u017ca\u0142 w\u00f3wczas do ko\u0142a w Dru\u017cbicach. Nast\u0119pnie przeni\u00f3s\u0142 si\u0119 do Be\u0142chatowa i tu bardzo zaanga\u017cowa\u0142 si\u0119 w prace na rzecz zwi\u0105zku. Od 1993 do 1999 roku by\u0142 cz\u0142onkiem Zarz\u0105du Rejonowego Ko\u0142a Pszczelarzy w Be\u0142chatowie i pe\u0142ni\u0142 funkcje skarbnika. Dwukrotnie by\u0142 wsp\u00f3\u0142organizatorem Regionalnego \u015awi\u0119ta Pszczelarzy w Be\u0142chatowie w 1995 i 2011 roku, a w 2013 XXXI Og\u00f3lnopolskiego \u015awi\u0119ta Pszczelarzy. Podczas jego prezesowania organizacja znacz\u0105co si\u0119 rozwin\u0119\u0142a. Za swe zaanga\u017cowanie i prace na rzecz Zwi\u0105zku uhonorowany zosta\u0142 Br\u0105zow\u0105, nast\u0119pnie Srebrn\u0105 i Z\u0142ot\u0105 Odznak\u0105 PZP i Medalem <strong><em>ks. dr Jana Dzier\u017cona<\/em><\/strong>. <\/p>\n\n\n\n<p>Obecnie jest Cz\u0142onkiem Komisji Rewizyjnej Ko\u0142a Pszczelarzy w Be\u0142chatowie. <br><\/p>\n\n\n\n<p>Od 25.02.2018r do 27.02.2022 funkcj\u0119 prezesa sprawowa\u0142 <strong>J\u00f3zef Olejniczak.<\/strong> Obecnie jest cz\u0142onkiem Zarz\u0105du Regionalnego Zwi\u0105zku Pszczelarzy \u201eZiemi Piotrkowskiej\u201d.<\/p>\n\n\n\n<p>Od 27.02.2022 do chwili obecnej funkcje prezesa sprawuje Pani Sylwia \u015awi\u0105tkowska.<\/p>\n","protected":false},"excerpt":{"rendered":"<p>Be\u0142chatowskie Ko\u0142o Pszczelarzy powsta\u0142o w 1956 r. po utworzeniu powiatu be\u0142chatowskiego. Pierwszym prezesem by\u0142 Roman Mielczarek, kt\u00f3ry prowadzi\u0142 ko\u0142o do 1975 r.Kolejny prezes to Leopold Rawicki, rocznik 1927, z zawodu pracownik umys\u0142owy, z zami\u0142owania pszczelarz. Za prac\u0119 zawodow\u0105 odznaczony zosta\u0142 Z\u0142otym Krzy\u017cem Zas\u0142ugi oraz Krzy\u017cem Kawalerskim. Za dzia\u0142alno\u015b\u0107 pszczelarsk\u0105 odznaczony Br\u0105zow\u0105, Srebrn\u0105 i Z\u0142ot\u0105 Odznak\u0105&hellip; <a class=\"more-link\" href=\"https:\/\/pszczelarze-belchatow.pl\/?page_id=31\">Czytaj dalej <span class=\"screen-reader-text\">Historia<\/span><\/a><\/p>\n","protected":false},"author":1,"featured_media":0,"parent":0,"menu_order":0,"comment_status":"closed","ping_status":"closed","template":"","meta":{"footnotes":""},"class_list":["post-31","page","type-page","status-publish","hentry","entry"],"_links":{"self":[{"href":"https:\/\/pszczelarze-belchatow.pl\/index.php?rest_route=\/wp\/v2\/pages\/31","targetHints":{"allow":["GET"]}}],"collection":[{"href":"https:\/\/pszczelarze-belchatow.pl\/index.php?rest_route=\/wp\/v2\/pages"}],"about":[{"href":"https:\/\/pszczelarze-belchatow.pl\/index.php?rest_route=\/wp\/v2\/types\/page"}],"author":[{"embeddable":true,"href":"https:\/\/pszczelarze-belchatow.pl\/index.php?rest_route=\/wp\/v2\/users\/1"}],"replies":[{"embeddable":true,"href":"https:\/\/pszczelarze-belchatow.pl\/index.php?rest_route=%2Fwp%2Fv2%2Fcomments&post=31"}],"version-history":[{"count":2,"href":"https:\/\/pszczelarze-belchatow.pl\/index.php?rest_route=\/wp\/v2\/pages\/31\/revisions"}],"predecessor-version":[{"id":491,"href":"https:\/\/pszczelarze-belchatow.pl\/index.php?rest_route=\/wp\/v2\/pages\/31\/revisions\/491"}],"wp:attachment":[{"href":"https:\/\/pszczelarze-belchatow.pl\/index.php?rest_route=%2Fwp%2Fv2%2Fmedia&parent=31"}],"curies":[{"name":"wp","href":"https:\/\/api.w.org\/{rel}","templated":true}]}}