{"id":395,"date":"2022-03-03T17:49:00","date_gmt":"2022-03-03T16:49:00","guid":{"rendered":"https:\/\/pszczelarze-belchatow.pl\/?page_id=395"},"modified":"2022-03-03T17:55:37","modified_gmt":"2022-03-03T16:55:37","slug":"matki-pszczele-2022","status":"publish","type":"page","link":"https:\/\/pszczelarze-belchatow.pl\/?page_id=395","title":{"rendered":"Matki pszczele 2022"},"content":{"rendered":"\n<p>Pasieki Hodowlane w Kocierzowach i Brze\u015bciu<\/p>\n\n\n\n<div data-wp-interactive=\"core\/file\" class=\"wp-block-file\"><object data-wp-bind--hidden=\"!state.hasPdfPreview\" hidden class=\"wp-block-file__embed\" data=\"https:\/\/pszczelarze-belchatow.pl\/wp-content\/uploads\/2022\/03\/pasieki_zarodowe_brze_cie_kocierzowy.pdf\" type=\"application\/pdf\" style=\"width:100%;height:600px\" aria-label=\"Osadzone z Osadzone z pasieki_zarodowe_brze_cie_kocierzowy..\"><\/object><a id=\"wp-block-file--media-66b458c7-81d2-473b-97ed-586971503dcd\" href=\"https:\/\/pszczelarze-belchatow.pl\/wp-content\/uploads\/2022\/03\/pasieki_zarodowe_brze_cie_kocierzowy.pdf\">pasieki_zarodowe_brze_cie_kocierzowy<\/a><a href=\"https:\/\/pszczelarze-belchatow.pl\/wp-content\/uploads\/2022\/03\/pasieki_zarodowe_brze_cie_kocierzowy.pdf\" class=\"wp-block-file__button\" download aria-describedby=\"wp-block-file--media-66b458c7-81d2-473b-97ed-586971503dcd\">Pobierz<\/a><\/div>\n\n\n\n<p><strong>Zasady refundacji matek pszczelich przez KOWR<\/strong><\/p>\n\n\n\n<p>W ramach mechanizmu &#8222;Wsparcie Rynku Produkt\u00f3w Pszczelich&#8221; okre\u015blone zosta\u0142y warunki zakupu matek pszczelich na refundacj\u0119. W celu otrzymania refundacji mo\u017cna&nbsp; naby\u0107 tylko:<\/p>\n\n\n\n<p>&#8211; matki unasiennione naturalnie ze sprawdzonym czerwieniem,<\/p>\n\n\n\n<p>&#8211; matki unasiennione sztucznie ze sprawdzonym czerwieniem oraz<\/p>\n\n\n\n<p>&#8211; matki nieunasiennione;<\/p>\n\n\n\n<p>tylko w takich pasiekach, kt\u00f3re znalaz\u0142y si\u0119 w wykazie publikowanym przez Krajowe Centrum Hodowli Zwierz\u0105t.<\/p>\n\n\n\n<p>Poni\u017cej w<strong> plikach pdf<\/strong> przedstawiony zosta\u0142 wykaz linii hodowlanych pszcz\u00f3\u0142, dla kt\u00f3rych otwarto rejestry i ksi\u0119gi (<strong>stan na dzie\u0144 19.08. 2020 r<\/strong>).<\/p>\n\n\n\n<div data-wp-interactive=\"core\/file\" class=\"wp-block-file\"><object data-wp-bind--hidden=\"!state.hasPdfPreview\" hidden class=\"wp-block-file__embed\" data=\"https:\/\/pszczelarze-belchatow.pl\/wp-content\/uploads\/2022\/03\/wykaz-rejestry-19.08.2020.1-1.pdf\" type=\"application\/pdf\" style=\"width:100%;height:600px\" aria-label=\"Osadzone z Osadzone z wykaz-ksiegi-01.06.2021..\"><\/object><a id=\"wp-block-file--media-f6f3ad3a-7553-438e-93ac-73d1cb06dea8\" href=\"https:\/\/pszczelarze-belchatow.pl\/wp-content\/uploads\/2022\/03\/wykaz-rejestry-19.08.2020.1-1.pdf\">wykaz-ksiegi-01.06.2021<\/a><a href=\"https:\/\/pszczelarze-belchatow.pl\/wp-content\/uploads\/2022\/03\/wykaz-rejestry-19.08.2020.1-1.pdf\" class=\"wp-block-file__button\" download aria-describedby=\"wp-block-file--media-f6f3ad3a-7553-438e-93ac-73d1cb06dea8\">Pobierz<\/a><\/div>\n\n\n\n<div data-wp-interactive=\"core\/file\" class=\"wp-block-file\"><object data-wp-bind--hidden=\"!state.hasPdfPreview\" hidden class=\"wp-block-file__embed\" data=\"https:\/\/pszczelarze-belchatow.pl\/wp-content\/uploads\/2022\/03\/wykaz-lini-hodowlanych-ksiegi-1.06.2021.pdf\" type=\"application\/pdf\" style=\"width:100%;height:600px\" aria-label=\"Osadzone z Osadzone z wykaz-lini-hodowlanych-rejesrty-1.06.2021..\"><\/object><a id=\"wp-block-file--media-430f8e71-df56-4903-b847-1a88a4d65c6f\" href=\"https:\/\/pszczelarze-belchatow.pl\/wp-content\/uploads\/2022\/03\/wykaz-lini-hodowlanych-ksiegi-1.06.2021.pdf\">wykaz-lini-hodowlanych-rejesrty-1.06.2021<\/a><a href=\"https:\/\/pszczelarze-belchatow.pl\/wp-content\/uploads\/2022\/03\/wykaz-lini-hodowlanych-ksiegi-1.06.2021.pdf\" class=\"wp-block-file__button\" download aria-describedby=\"wp-block-file--media-430f8e71-df56-4903-b847-1a88a4d65c6f\">Pobierz<\/a><\/div>\n","protected":false},"excerpt":{"rendered":"<p>Pasieki Hodowlane w Kocierzowach i Brze\u015bciu Zasady refundacji matek pszczelich przez KOWR W ramach mechanizmu &#8222;Wsparcie Rynku Produkt\u00f3w Pszczelich&#8221; okre\u015blone zosta\u0142y warunki zakupu matek pszczelich na refundacj\u0119. W celu otrzymania refundacji mo\u017cna&nbsp; naby\u0107 tylko: &#8211; matki unasiennione naturalnie ze sprawdzonym czerwieniem, &#8211; matki unasiennione sztucznie ze sprawdzonym czerwieniem oraz &#8211; matki nieunasiennione; tylko w takich&hellip; <a class=\"more-link\" href=\"https:\/\/pszczelarze-belchatow.pl\/?page_id=395\">Czytaj dalej <span class=\"screen-reader-text\">Matki pszczele 2022<\/span><\/a><\/p>\n","protected":false},"author":1,"featured_media":0,"parent":0,"menu_order":0,"comment_status":"closed","ping_status":"closed","template":"","meta":{"footnotes":""},"class_list":["post-395","page","type-page","status-publish","hentry","entry"],"_links":{"self":[{"href":"https:\/\/pszczelarze-belchatow.pl\/index.php?rest_route=\/wp\/v2\/pages\/395","targetHints":{"allow":["GET"]}}],"collection":[{"href":"https:\/\/pszczelarze-belchatow.pl\/index.php?rest_route=\/wp\/v2\/pages"}],"about":[{"href":"https:\/\/pszczelarze-belchatow.pl\/index.php?rest_route=\/wp\/v2\/types\/page"}],"author":[{"embeddable":true,"href":"https:\/\/pszczelarze-belchatow.pl\/index.php?rest_route=\/wp\/v2\/users\/1"}],"replies":[{"embeddable":true,"href":"https:\/\/pszczelarze-belchatow.pl\/index.php?rest_route=%2Fwp%2Fv2%2Fcomments&post=395"}],"version-history":[{"count":3,"href":"https:\/\/pszczelarze-belchatow.pl\/index.php?rest_route=\/wp\/v2\/pages\/395\/revisions"}],"predecessor-version":[{"id":405,"href":"https:\/\/pszczelarze-belchatow.pl\/index.php?rest_route=\/wp\/v2\/pages\/395\/revisions\/405"}],"wp:attachment":[{"href":"https:\/\/pszczelarze-belchatow.pl\/index.php?rest_route=%2Fwp%2Fv2%2Fmedia&parent=395"}],"curies":[{"name":"wp","href":"https:\/\/api.w.org\/{rel}","templated":true}]}}