{"id":557,"date":"2024-02-18T21:24:31","date_gmt":"2024-02-18T20:24:31","guid":{"rendered":"https:\/\/pszczelarze-belchatow.pl\/?page_id=557"},"modified":"2024-02-18T21:29:31","modified_gmt":"2024-02-18T20:29:31","slug":"leki-2024","status":"publish","type":"page","link":"https:\/\/pszczelarze-belchatow.pl\/?page_id=557","title":{"rendered":"Leki 2024"},"content":{"rendered":"\n<p class=\"has-text-align-center\"><strong>LISTA LEK\u00d3W DO ZWALCZANIA WARROZY ZAREJESTROWANYCH W POLSCE \u2014 refundowanych przez ARiMR w 2024 roku.<\/strong><\/p>\n\n\n\n<figure class=\"wp-block-table alignwide is-style-regular\" style=\"font-size:15px\"><table class=\"has-white-color has-text-color has-link-color\"><tbody><tr><td>L.p.<\/td><td>Nazwa leku i forma leku<\/td><td>Substancja lecznicza<\/td><td>Forma aplikacji <\/td><td>Zalecana ilo\u015b\u0107 leku na rodzin\u0119<\/td><td><strong>Cena<\/strong> <strong>brutto za opakowanie<\/strong><\/td><\/tr><tr><td>1<\/td><td><strong>ApiLife Var<\/strong><br>2 opakowania na 1 rodzin\u0119<\/td><td>Tymol 8 g olejki eteryczne<\/td><td>P\u0142ytki (tymol, kamfora, mentol, olejek eukaliptusowy) do odparowania \u2014 opakowanie 2 p\u0142ytki<\/td><td>4 razy po 1 p\u0142ytce do uk\u0142adania na g\u00f3rne beleczki ramek.<\/td><td><strong>19,00 z\u0142<\/strong><\/td><\/tr><tr><td>2<\/td><td><strong>Api-Bioxal<\/strong><br>Opakowanie na 10 rodzin<\/td><td>Kwas szczawiowy<\/td><td>P\u0142yn 500 ml<\/td><td>Do polewania po sezonie.<\/td><td><strong>111,00 z\u0142<\/strong><\/td><\/tr><tr><td>3<\/td><td><strong>Apiguard<\/strong><br>Opakowanie na 5 rodzin<\/td><td>Tymol 12,5 g<\/td><td>10 tacek z \u017celem zawieraj\u0105cym tymol do odparowania<\/td><td>2 razy po 1 tacy do uk\u0142adania na g\u00f3rne beleczki ramek.<\/td><td><strong>121,00 z\u0142<\/strong><\/td><\/tr><tr><td>4<\/td><td><strong>Apistrip<\/strong><br>Opakowanie na 5 rodzin.<\/td><td>Amitraza<\/td><td>10 pask\u00f3w<\/td><td>2 paski na rodzin\u0119.<\/td><td><strong>80,00 z\u0142<\/strong><\/td><\/tr><tr><td>5<\/td><td><strong>Apivaro<\/strong><br>Opakowanie na 5 rodzin<\/td><td>Amitraza 500 mg<\/td><td>Paski do zawieszania &#8211; opakowanie 10 pask\u00f3w<\/td><td>2 paski na rodzin\u0119<\/td><td><strong>75,00 z\u0142<\/strong><\/td><\/tr><tr><td>6<\/td><td><strong>Apiwarol<\/strong><br>Opakowanie na 5 rodzin<\/td><td>Amitraza 12,5 g<\/td><td>Tabletki do odymiania \u2014 opakowanie 25 tabl.<\/td><td>5 tabletek do odymiania na rodzin\u0119<\/td><td><strong>70,00 z\u0142<\/strong><\/td><\/tr><tr><td>7<\/td><td><strong>Bayvarol<\/strong><br>Opakowanie na 5 rodzin<\/td><td>Flumetryna 3,6 mg<\/td><td>Paski do zawieszania \u2014 opakowanie 20 pask\u00f3w<\/td><td>4 paski na rodzin\u0119<\/td><td><strong>110,00 z\u0142<\/strong><\/td><\/tr><tr><td>8<\/td><td><strong>Biowar 500<\/strong><br>Opakowanie na 5 rodzin<\/td><td>Amitraza 500 mg<\/td><td>Paski do zawieszania \u2014 opakowanie 10 pask\u00f3w<\/td><td>2 paski na rodzin\u0119<\/td><td><strong>77,00 z\u0142<\/strong><\/td><\/tr><tr><td>9<\/td><td><strong>Formicprotect<\/strong> Opakowanie na 10 rodzin<\/td><td>68,2 g kwas mr\u00f3wkowy dzia\u0142a te\u017c pod zasklepem<\/td><td>Paski do wk\u0142adania do uli &#8211; opakowanie 20 pask\u00f3w<\/td><td>2 paski na rodzin\u0119<\/td><td><strong>352,00 z\u0142<\/strong><\/td><\/tr><tr><td>10<\/td><td><strong>Oxybee 1000g<\/strong> Opakowanie na 22 rodziny<\/td><td>kwas szczawiowy olejki eteryczne, glicerol<\/td><td>P\u0142yn do polewania na pszczo\u0142y<\/td><td>5-6 ml na uliczk\u0119 mi\u0119dzyramkow\u0105<\/td><td><strong>209,00 z\u0142<\/strong><\/td><\/tr><tr><td>11<\/td><td><strong>Polyvar Yellow <\/strong>Opakowanie na 5 rodzin<\/td><td>Flumetryna 275 mg<\/td><td>Paski do umieszczenia w wylotku ula \u2014 opakowanie 10 pask\u00f3w<\/td><td>2 paski do umieszczenia w wylotku ula<\/td><td><strong>143,00 z\u0142<\/strong><\/td><\/tr><tr><td>12<\/td><td><strong>Thymovar<\/strong><br>Opakowanie na 5 rodzin<\/td><td>Tymol 15 g<\/td><td>P\u0142ytki z tymolem do odparowania \u2014 opakowanie 10 p\u0142ytek<\/td><td>2 razy po 1 p\u0142ytce na ka\u017cdy korpus ula do uk\u0142adania na g\u00f3rne beleczki ramek<\/td><td><strong>112,00 z\u0142<\/strong><\/td><\/tr><tr><td>13<\/td><td><strong>Varromed 555 ml<\/strong> Opakowanie na 12 do 37 rodzin.<\/td><td>Kwas mr\u00f3wkowy 5 mg\/ml,   Kwas szczawiowy 44 mg\/ml<\/td><td>P\u0142yn do polewania na pszczo\u0142y \u2014 butelka plastykowa 555 ml z dozownikiem i podzia\u0142k\u0105<\/td><td>15-45 ml na pie\u0144 w zale\u017cno\u015bci od si\u0142y rodziny 1-5 razy w roku, (\u015brednio: 30 ml)<\/td><td><strong>149,00 z\u0142<\/strong><\/td><\/tr><\/tbody><\/table><\/figure>\n\n\n\n<p><strong>Refundacja dotyczy lek\u00f3w zakupionych dla pszcz\u00f3\u0142 zgodnie ze stanem zaziomowa\u0144 na dzie\u0144 30.09.2023 roku!<\/strong><\/p>\n\n\n\n<div data-wp-interactive=\"core\/file\" class=\"wp-block-file alignwide\"><object data-wp-bind--hidden=\"!state.hasPdfPreview\" hidden class=\"wp-block-file__embed\" data=\"https:\/\/pszczelarze-belchatow.pl\/wp-content\/uploads\/2023\/02\/Api-Bioxal-folder.pdf\" type=\"application\/pdf\" style=\"width:100%;height:600px\" aria-label=\"Osadzone z Api-Bioxal-folder.\"><\/object><a id=\"wp-block-file--media-b84338dd-79f6-4df2-819e-6071d60e5eda\" href=\"https:\/\/pszczelarze-belchatow.pl\/wp-content\/uploads\/2023\/02\/Api-Bioxal-folder.pdf\">Api-Bioxal-folder<\/a><a href=\"https:\/\/pszczelarze-belchatow.pl\/wp-content\/uploads\/2023\/02\/Api-Bioxal-folder.pdf\" class=\"wp-block-file__button wp-element-button\" download aria-describedby=\"wp-block-file--media-b84338dd-79f6-4df2-819e-6071d60e5eda\">Pobierz<\/a><\/div>\n\n\n\n<div data-wp-interactive=\"core\/file\" class=\"wp-block-file alignwide\"><object data-wp-bind--hidden=\"!state.hasPdfPreview\" hidden class=\"wp-block-file__embed\" data=\"https:\/\/pszczelarze-belchatow.pl\/wp-content\/uploads\/2022\/03\/oxybee-epar-product-information_pl.pdf\" type=\"application\/pdf\" style=\"width:100%;height:600px\" aria-label=\"Osadzone z oxybee-epar-product-information_pl.\"><\/object><a id=\"wp-block-file--media-9f6ba6e9-4ae6-4c05-8629-d8a9f8f45854\" href=\"https:\/\/pszczelarze-belchatow.pl\/wp-content\/uploads\/2022\/03\/oxybee-epar-product-information_pl.pdf\">oxybee-epar-product-information_pl<\/a><a href=\"https:\/\/pszczelarze-belchatow.pl\/wp-content\/uploads\/2022\/03\/oxybee-epar-product-information_pl.pdf\" class=\"wp-block-file__button wp-element-button\" download aria-describedby=\"wp-block-file--media-9f6ba6e9-4ae6-4c05-8629-d8a9f8f45854\">Pobierz<\/a><\/div>\n\n\n\n<div data-wp-interactive=\"core\/file\" class=\"wp-block-file alignwide\"><object data-wp-bind--hidden=\"!state.hasPdfPreview\" hidden class=\"wp-block-file__embed\" data=\"https:\/\/pszczelarze-belchatow.pl\/wp-content\/uploads\/2022\/03\/nowo___formicprotect_w_polsce_01_2022.pdf\" type=\"application\/pdf\" style=\"width:100%;height:600px\" aria-label=\"Osadzone z nowo___formicprotect_w_polsce_01_2022.\"><\/object><a id=\"wp-block-file--media-ab6c7ba1-7740-41fa-9aac-4c6cc221a667\" href=\"https:\/\/pszczelarze-belchatow.pl\/wp-content\/uploads\/2022\/03\/nowo___formicprotect_w_polsce_01_2022.pdf\">nowo___formicprotect_w_polsce_01_2022<\/a><a href=\"https:\/\/pszczelarze-belchatow.pl\/wp-content\/uploads\/2022\/03\/nowo___formicprotect_w_polsce_01_2022.pdf\" class=\"wp-block-file__button wp-element-button\" download aria-describedby=\"wp-block-file--media-ab6c7ba1-7740-41fa-9aac-4c6cc221a667\">Pobierz<\/a><\/div>\n","protected":false},"excerpt":{"rendered":"<p>LISTA LEK\u00d3W DO ZWALCZANIA WARROZY ZAREJESTROWANYCH W POLSCE \u2014 refundowanych przez ARiMR w 2024 roku. L.p. Nazwa leku i forma leku Substancja lecznicza Forma aplikacji Zalecana ilo\u015b\u0107 leku na rodzin\u0119 Cena brutto za opakowanie 1 ApiLife Var2 opakowania na 1 rodzin\u0119 Tymol 8 g olejki eteryczne P\u0142ytki (tymol, kamfora, mentol, olejek eukaliptusowy) do odparowania \u2014&hellip; <a class=\"more-link\" href=\"https:\/\/pszczelarze-belchatow.pl\/?page_id=557\">Czytaj dalej <span class=\"screen-reader-text\">Leki 2024<\/span><\/a><\/p>\n","protected":false},"author":1,"featured_media":0,"parent":0,"menu_order":0,"comment_status":"closed","ping_status":"closed","template":"","meta":{"footnotes":""},"class_list":["post-557","page","type-page","status-publish","hentry","entry"],"_links":{"self":[{"href":"https:\/\/pszczelarze-belchatow.pl\/index.php?rest_route=\/wp\/v2\/pages\/557","targetHints":{"allow":["GET"]}}],"collection":[{"href":"https:\/\/pszczelarze-belchatow.pl\/index.php?rest_route=\/wp\/v2\/pages"}],"about":[{"href":"https:\/\/pszczelarze-belchatow.pl\/index.php?rest_route=\/wp\/v2\/types\/page"}],"author":[{"embeddable":true,"href":"https:\/\/pszczelarze-belchatow.pl\/index.php?rest_route=\/wp\/v2\/users\/1"}],"replies":[{"embeddable":true,"href":"https:\/\/pszczelarze-belchatow.pl\/index.php?rest_route=%2Fwp%2Fv2%2Fcomments&post=557"}],"version-history":[{"count":8,"href":"https:\/\/pszczelarze-belchatow.pl\/index.php?rest_route=\/wp\/v2\/pages\/557\/revisions"}],"predecessor-version":[{"id":568,"href":"https:\/\/pszczelarze-belchatow.pl\/index.php?rest_route=\/wp\/v2\/pages\/557\/revisions\/568"}],"wp:attachment":[{"href":"https:\/\/pszczelarze-belchatow.pl\/index.php?rest_route=%2Fwp%2Fv2%2Fmedia&parent=557"}],"curies":[{"name":"wp","href":"https:\/\/api.w.org\/{rel}","templated":true}]}}