{"id":714,"date":"2026-03-04T18:42:59","date_gmt":"2026-03-04T17:42:59","guid":{"rendered":"https:\/\/pszczelarze-belchatow.pl\/?page_id=714"},"modified":"2026-03-04T18:46:27","modified_gmt":"2026-03-04T17:46:27","slug":"zarzad-rejonowego-kola-pszczelarzy-w-belchatowie","status":"publish","type":"page","link":"https:\/\/pszczelarze-belchatow.pl\/?page_id=714","title":{"rendered":"Zarz\u0105d Rejonowego Ko\u0142a Pszczelarzy w Be\u0142chatowie"},"content":{"rendered":"\n<h2 class=\"wp-block-heading\" id=\"w-dniu-27-02-2022r-podczas-walnego-zebrania-czlonkow-zostal-wybrany-zarzad-kola-pszczelarzy-w-belchatowie\" style=\"font-size:30px\">W dniu 22.02.2026r. podczas Walnego Zebrania Cz\u0142onk\u00f3w zosta\u0142 wybrany Zarz\u0105d Ko\u0142a Pszczelarzy w Be\u0142chatowie:<\/h2>\n\n\n\n<ol class=\"wp-block-list has-black-color has-text-color\">\n<li>Prezes \u2013 Sylwia \u015awi\u0105tkowska, tel. 603 537 465<\/li>\n\n\n\n<li>Wiceprezes \u2013 Zenon Gry\u015b, tel. 693 756 832<\/li>\n\n\n\n<li>Wiceprezes \u2013 Andrzej Pokorski, tel. 661 777 034<\/li>\n\n\n\n<li>Sekretarz \u2013 Janusz Sukiennik<\/li>\n\n\n\n<li>Skarbnik \u2013 Joanna Kulczy\u0144ska, tel. 603 714 362 <\/li>\n\n\n\n<li>Cz\u0142onek Zarz\u0105du \u2013 Agnieszka Dzieja, tel. 602 828 676<\/li>\n\n\n\n<li>Cz\u0142onek Zarz\u0105du \u2013 Mieczys\u0142aw \u0141ab\u0119dzki, tel. 605 081 055<\/li>\n<\/ol>\n\n\n\n<p>Komisja Rewizyjna: <\/p>\n\n\n\n<ul class=\"wp-block-list has-black-color has-text-color\">\n<li>Stanis\u0142aw Baran<\/li>\n\n\n\n<li>Marcin Wiewi\u00f3rowski<\/li>\n\n\n\n<li>Lech Szczytowski<\/li>\n<\/ul>\n","protected":false},"excerpt":{"rendered":"<p>W dniu 22.02.2026r. podczas Walnego Zebrania Cz\u0142onk\u00f3w zosta\u0142 wybrany Zarz\u0105d Ko\u0142a Pszczelarzy w Be\u0142chatowie: Komisja Rewizyjna:<\/p>\n","protected":false},"author":1,"featured_media":0,"parent":0,"menu_order":0,"comment_status":"closed","ping_status":"closed","template":"","meta":{"footnotes":""},"class_list":["post-714","page","type-page","status-publish","hentry","entry"],"_links":{"self":[{"href":"https:\/\/pszczelarze-belchatow.pl\/index.php?rest_route=\/wp\/v2\/pages\/714","targetHints":{"allow":["GET"]}}],"collection":[{"href":"https:\/\/pszczelarze-belchatow.pl\/index.php?rest_route=\/wp\/v2\/pages"}],"about":[{"href":"https:\/\/pszczelarze-belchatow.pl\/index.php?rest_route=\/wp\/v2\/types\/page"}],"author":[{"embeddable":true,"href":"https:\/\/pszczelarze-belchatow.pl\/index.php?rest_route=\/wp\/v2\/users\/1"}],"replies":[{"embeddable":true,"href":"https:\/\/pszczelarze-belchatow.pl\/index.php?rest_route=%2Fwp%2Fv2%2Fcomments&post=714"}],"version-history":[{"count":2,"href":"https:\/\/pszczelarze-belchatow.pl\/index.php?rest_route=\/wp\/v2\/pages\/714\/revisions"}],"predecessor-version":[{"id":717,"href":"https:\/\/pszczelarze-belchatow.pl\/index.php?rest_route=\/wp\/v2\/pages\/714\/revisions\/717"}],"wp:attachment":[{"href":"https:\/\/pszczelarze-belchatow.pl\/index.php?rest_route=%2Fwp%2Fv2%2Fmedia&parent=714"}],"curies":[{"name":"wp","href":"https:\/\/api.w.org\/{rel}","templated":true}]}}